{"id":79,"date":"2020-08-07T08:41:41","date_gmt":"2020-08-07T08:41:41","guid":{"rendered":"https:\/\/visioneo.gpdcenter.com\/?page_id=79"},"modified":"2021-12-02T10:56:01","modified_gmt":"2021-12-02T10:56:01","slug":"jobs","status":"publish","type":"page","link":"https:\/\/www.visioneo.com\/index.php\/jobs\/","title":{"rendered":"Jobs"},"content":{"rendered":"\t\t<div data-elementor-type=\"wp-page\" data-elementor-id=\"79\" class=\"elementor elementor-79\" data-elementor-post-type=\"page\">\n\t\t\t\t\t\t<section class=\"elementor-section elementor-top-section elementor-element elementor-element-d7f1473 elementor-section-full_width elementor-section-height-default elementor-section-height-default\" data-id=\"d7f1473\" data-element_type=\"section\" data-settings=\"{&quot;background_background&quot;:&quot;classic&quot;}\">\n\t\t\t\t\t\t<div class=\"elementor-container elementor-column-gap-default\">\n\t\t\t\t\t<div class=\"elementor-column elementor-col-50 elementor-top-column elementor-element elementor-element-395644c\" data-id=\"395644c\" data-element_type=\"column\" data-settings=\"{&quot;background_background&quot;:&quot;classic&quot;}\">\n\t\t\t<div class=\"elementor-widget-wrap elementor-element-populated\">\n\t\t\t\t\t\t<div class=\"elementor-element elementor-element-59a7df6 elementor-widget elementor-widget-image\" data-id=\"59a7df6\" data-element_type=\"widget\" data-widget_type=\"image.default\">\n\t\t\t\t<div class=\"elementor-widget-container\">\n\t\t\t\t\t\t\t\t\t\t\t\t\t\t\t<img fetchpriority=\"high\" decoding=\"async\" width=\"960\" height=\"792\" src=\"https:\/\/www.visioneo.com\/wp-content\/uploads\/2020\/08\/Header_Jobs.jpg\" class=\"attachment-large size-large wp-image-697\" alt=\"\" srcset=\"https:\/\/www.visioneo.com\/wp-content\/uploads\/2020\/08\/Header_Jobs.jpg 960w, https:\/\/www.visioneo.com\/wp-content\/uploads\/2020\/08\/Header_Jobs-300x248.jpg 300w, https:\/\/www.visioneo.com\/wp-content\/uploads\/2020\/08\/Header_Jobs-768x634.jpg 768w\" sizes=\"(max-width: 960px) 100vw, 960px\" \/>\t\t\t\t\t\t\t\t\t\t\t\t\t\t\t<\/div>\n\t\t\t\t<\/div>\n\t\t\t\t\t<\/div>\n\t\t<\/div>\n\t\t\t\t<div class=\"elementor-column elementor-col-50 elementor-top-column elementor-element elementor-element-47199a4\" data-id=\"47199a4\" data-element_type=\"column\" data-settings=\"{&quot;background_background&quot;:&quot;classic&quot;}\">\n\t\t\t<div class=\"elementor-widget-wrap elementor-element-populated\">\n\t\t\t\t\t\t<div class=\"elementor-element elementor-element-beb9b15 elementor-widget elementor-widget-text-editor\" data-id=\"beb9b15\" data-element_type=\"widget\" data-widget_type=\"text-editor.default\">\n\t\t\t\t<div class=\"elementor-widget-container\">\n\t\t\t\t\t\t\t\t\t<h5 style=\"text-align: left;\"><span style=\"color: #23292f;\">JOBS BEI VISIONEO<\/span><\/h5><h1 style=\"text-align: left;\"><span style=\"color: #23292f;\">ANHEUERN AM BODENSEE<\/span><\/h1><p style=\"text-align: left;\"><span style=\"color: #23292f;\">Wer sich f\u00fcr technische Produkte begeistern und auch an B2B-Kommunikation seinen Spa\u00df haben kann, ist bei uns richtig. Wir suchen Leute, die schnell in neue Themen hineinfinden, strategisch denken k\u00f6nnen und ein H\u00e4ndchen f\u00fcr kreative Umsetzungen haben. Das ist nicht ganz ohne, daf\u00fcr arbeitest Du bei uns, wo andere Urlaub machen. Und damit Du davon auch etwas hast, sind unsere Arbeitszeiten flexibel. Als kleine Agentur bieten wir Dir ein hohes Ma\u00df an Eigenverantwortung. Du bearbeitest Deine Projekte selbst\u00e4ndig im direkten Kontakt mit dem Kunden. Dein Chef mischt sich nicht in alles hinein, hat aber immer ein offenes Ohr. Viele reden von einem guten Arbeitsklima. Bei uns stimmt es wirklich. Schade, wenn gerade keine passende Stelle f\u00fcr Dich offen ist. Aber bewirb Dich gern initiativ.<\/span><\/p>\t\t\t\t\t\t\t\t<\/div>\n\t\t\t\t<\/div>\n\t\t\t\t\t<\/div>\n\t\t<\/div>\n\t\t\t\t\t<\/div>\n\t\t<\/section>\n\t\t\t\t<section class=\"elementor-section elementor-top-section elementor-element elementor-element-af47492 elementor-section-boxed elementor-section-height-default elementor-section-height-default\" data-id=\"af47492\" data-element_type=\"section\" data-settings=\"{&quot;background_background&quot;:&quot;classic&quot;}\">\n\t\t\t\t\t\t<div class=\"elementor-container elementor-column-gap-default\">\n\t\t\t\t\t<div class=\"elementor-column elementor-col-100 elementor-top-column elementor-element elementor-element-2ebe63d\" data-id=\"2ebe63d\" data-element_type=\"column\">\n\t\t\t<div class=\"elementor-widget-wrap elementor-element-populated\">\n\t\t\t\t\t\t<div class=\"elementor-element elementor-element-94716b8 elementor-grid-1 elementor-grid-tablet-1 elementor-posts--thumbnail-top elementor-grid-mobile-1 elementor-widget elementor-widget-posts\" data-id=\"94716b8\" data-element_type=\"widget\" id=\"vis-jobs-posts\" data-settings=\"{&quot;custom_columns&quot;:&quot;1&quot;,&quot;custom_row_gap&quot;:{&quot;unit&quot;:&quot;px&quot;,&quot;size&quot;:48,&quot;sizes&quot;:[]},&quot;custom_columns_tablet&quot;:&quot;1&quot;,&quot;custom_columns_mobile&quot;:&quot;1&quot;,&quot;custom_row_gap_tablet&quot;:{&quot;unit&quot;:&quot;px&quot;,&quot;size&quot;:&quot;&quot;,&quot;sizes&quot;:[]},&quot;custom_row_gap_mobile&quot;:{&quot;unit&quot;:&quot;px&quot;,&quot;size&quot;:&quot;&quot;,&quot;sizes&quot;:[]}}\" data-widget_type=\"posts.custom\">\n\t\t\t\t<div class=\"elementor-widget-container\">\n\t\t\t\t\t      <div class=\"ecs-posts elementor-posts-container elementor-posts   elementor-grid elementor-posts--skin-custom\" data-settings=\"{&quot;current_page&quot;:1,&quot;max_num_pages&quot;:1,&quot;load_method&quot;:&quot;&quot;,&quot;widget_id&quot;:&quot;94716b8&quot;,&quot;post_id&quot;:79,&quot;theme_id&quot;:79,&quot;change_url&quot;:false,&quot;reinit_js&quot;:false}\">\n      \t\t<article id=\"post-886\" class=\"elementor-post elementor-grid-item ecs-post-loop post-886 jobs type-jobs status-publish hentry job_active-keine-stellenanzeigen-vorhanden\">\n\t\t\t\t<div data-elementor-type=\"loop\" data-elementor-id=\"874\" class=\"elementor elementor-874 post-886 jobs type-jobs status-publish hentry job_active-keine-stellenanzeigen-vorhanden ast-article-single\" data-elementor-post-type=\"elementor_library\">\n\t\t\t\t\t<section class=\"elementor-section elementor-top-section elementor-element elementor-element-c3e7ed8 elementor-section-boxed elementor-section-height-default elementor-section-height-default\" data-id=\"c3e7ed8\" data-element_type=\"section\" data-settings=\"{&quot;background_background&quot;:&quot;classic&quot;}\">\n\t\t\t\t\t\t<div class=\"elementor-container elementor-column-gap-default\">\n\t\t\t\t\t<div class=\"elementor-column elementor-col-100 elementor-top-column elementor-element elementor-element-1611cba\" data-id=\"1611cba\" data-element_type=\"column\">\n\t\t\t<div class=\"elementor-widget-wrap elementor-element-populated\">\n\t\t\t\t\t\t<section class=\"elementor-section elementor-inner-section elementor-element elementor-element-6640959 elementor-section-boxed elementor-section-height-default elementor-section-height-default\" data-id=\"6640959\" data-element_type=\"section\">\n\t\t\t\t\t\t<div class=\"elementor-container elementor-column-gap-default\">\n\t\t\t\t\t<div class=\"elementor-column elementor-col-50 elementor-inner-column elementor-element elementor-element-b15a42d\" data-id=\"b15a42d\" data-element_type=\"column\">\n\t\t\t<div class=\"elementor-widget-wrap elementor-element-populated\">\n\t\t\t\t<style>#post-886 .elementor-874 .elementor-element.elementor-element-cb8efe3 > .elementor-widget-container{background-color: #23292f;}<\/style>\t\t<div class=\"elementor-element elementor-element-cb8efe3 elementor-widget elementor-widget-text-editor\" data-id=\"cb8efe3\" data-element_type=\"widget\" data-widget_type=\"text-editor.default\">\n\t\t\t\t<div class=\"elementor-widget-container\">\n\t\t\t\t\t\t\t\t\t<h3><span style=\"color: #ffffff\"><strong>IM MOMENT IST UNSER TEAM KOMPLETT<\/strong><\/span><\/h3>\n<p><span style=\"color: #ffffff\">Du kannst gern wieder vorbeischauen oder uns eine Initiativbewerbung schicken. Wir melden uns dann bei Dir zur\u00fcck.<\/span><\/p>\n\t\t\t\t\t\t\t\t<\/div>\n\t\t\t\t<\/div>\n\t\t\t\t\t<\/div>\n\t\t<\/div>\n\t\t\t\t<div class=\"elementor-column elementor-col-50 elementor-inner-column elementor-element elementor-element-8c5b95e\" data-id=\"8c5b95e\" data-element_type=\"column\">\n\t\t\t<div class=\"elementor-widget-wrap elementor-element-populated\">\n\t\t\t\t\t\t<div class=\"elementor-element elementor-element-e02e6b4 elementor-widget elementor-widget-image\" data-id=\"e02e6b4\" data-element_type=\"widget\" data-widget_type=\"image.default\">\n\t\t\t\t<div class=\"elementor-widget-container\">\n\t\t\t\t\t\t\t\t\t\t\t\t\t\t\t<img decoding=\"async\" width=\"816\" height=\"648\" src=\"https:\/\/www.visioneo.com\/wp-content\/uploads\/2020\/10\/Freie-Stelle.jpg\" class=\"attachment-large size-large wp-image-2121\" alt=\"\" srcset=\"https:\/\/www.visioneo.com\/wp-content\/uploads\/2020\/10\/Freie-Stelle.jpg 816w, https:\/\/www.visioneo.com\/wp-content\/uploads\/2020\/10\/Freie-Stelle-300x238.jpg 300w, https:\/\/www.visioneo.com\/wp-content\/uploads\/2020\/10\/Freie-Stelle-768x610.jpg 768w\" sizes=\"(max-width: 816px) 100vw, 816px\" \/>\t\t\t\t\t\t\t\t\t\t\t\t\t\t\t<\/div>\n\t\t\t\t<\/div>\n\t\t\t\t\t<\/div>\n\t\t<\/div>\n\t\t\t\t\t<\/div>\n\t\t<\/section>\n\t\t\t\t\t<\/div>\n\t\t<\/div>\n\t\t\t\t\t<\/div>\n\t\t<\/section>\n\t\t\t\t<\/div>\n\t\t\t\t<\/article>\n\t\t\t\t<\/div>\n\t\t\t\t\t\t<\/div>\n\t\t\t\t<\/div>\n\t\t\t\t\t<\/div>\n\t\t<\/div>\n\t\t\t\t\t<\/div>\n\t\t<\/section>\n\t\t\t\t<\/div>\n\t\t","protected":false},"excerpt":{"rendered":"<p>JOBS BEI VISIONEO ANHEUERN AM BODENSEE Wer sich f\u00fcr technische Produkte begeistern und auch an B2B-Kommunikation seinen Spa\u00df haben kann, ist bei uns richtig. Wir suchen Leute, die schnell in neue Themen hineinfinden, strategisch denken k\u00f6nnen und ein H\u00e4ndchen f\u00fcr kreative Umsetzungen haben. Das ist nicht ganz ohne, daf\u00fcr arbeitest Du bei uns, wo andere [&hellip;]<\/p>\n","protected":false},"author":1,"featured_media":0,"parent":0,"menu_order":0,"comment_status":"closed","ping_status":"closed","template":"","meta":{"_acf_changed":false,"site-sidebar-layout":"no-sidebar","site-content-layout":"page-builder","ast-site-content-layout":"default","site-content-style":"default","site-sidebar-style":"default","ast-global-header-display":"","ast-banner-title-visibility":"","ast-main-header-display":"","ast-hfb-above-header-display":"","ast-hfb-below-header-display":"","ast-hfb-mobile-header-display":"","site-post-title":"disabled","ast-breadcrumbs-content":"","ast-featured-img":"disabled","footer-sml-layout":"","theme-transparent-header-meta":"default","adv-header-id-meta":"29","stick-header-meta":"enabled","header-above-stick-meta":"","header-main-stick-meta":"on","header-below-stick-meta":"","astra-migrate-meta-layouts":"default","ast-page-background-enabled":"default","ast-page-background-meta":{"desktop":{"background-color":"var(--ast-global-color-4)","background-image":"","background-repeat":"repeat","background-position":"center center","background-size":"auto","background-attachment":"scroll","background-type":"","background-media":"","overlay-type":"","overlay-color":"","overlay-opacity":"","overlay-gradient":""},"tablet":{"background-color":"","background-image":"","background-repeat":"repeat","background-position":"center center","background-size":"auto","background-attachment":"scroll","background-type":"","background-media":"","overlay-type":"","overlay-color":"","overlay-opacity":"","overlay-gradient":""},"mobile":{"background-color":"","background-image":"","background-repeat":"repeat","background-position":"center center","background-size":"auto","background-attachment":"scroll","background-type":"","background-media":"","overlay-type":"","overlay-color":"","overlay-opacity":"","overlay-gradient":""}},"ast-content-background-meta":{"desktop":{"background-color":"var(--ast-global-color-5)","background-image":"","background-repeat":"repeat","background-position":"center center","background-size":"auto","background-attachment":"scroll","background-type":"","background-media":"","overlay-type":"","overlay-color":"","overlay-opacity":"","overlay-gradient":""},"tablet":{"background-color":"var(--ast-global-color-5)","background-image":"","background-repeat":"repeat","background-position":"center center","background-size":"auto","background-attachment":"scroll","background-type":"","background-media":"","overlay-type":"","overlay-color":"","overlay-opacity":"","overlay-gradient":""},"mobile":{"background-color":"var(--ast-global-color-5)","background-image":"","background-repeat":"repeat","background-position":"center center","background-size":"auto","background-attachment":"scroll","background-type":"","background-media":"","overlay-type":"","overlay-color":"","overlay-opacity":"","overlay-gradient":""}},"footnotes":""},"class_list":["post-79","page","type-page","status-publish","hentry"],"acf":[],"_links":{"self":[{"href":"https:\/\/www.visioneo.com\/index.php\/wp-json\/wp\/v2\/pages\/79","targetHints":{"allow":["GET"]}}],"collection":[{"href":"https:\/\/www.visioneo.com\/index.php\/wp-json\/wp\/v2\/pages"}],"about":[{"href":"https:\/\/www.visioneo.com\/index.php\/wp-json\/wp\/v2\/types\/page"}],"author":[{"embeddable":true,"href":"https:\/\/www.visioneo.com\/index.php\/wp-json\/wp\/v2\/users\/1"}],"replies":[{"embeddable":true,"href":"https:\/\/www.visioneo.com\/index.php\/wp-json\/wp\/v2\/comments?post=79"}],"version-history":[{"count":49,"href":"https:\/\/www.visioneo.com\/index.php\/wp-json\/wp\/v2\/pages\/79\/revisions"}],"predecessor-version":[{"id":3084,"href":"https:\/\/www.visioneo.com\/index.php\/wp-json\/wp\/v2\/pages\/79\/revisions\/3084"}],"wp:attachment":[{"href":"https:\/\/www.visioneo.com\/index.php\/wp-json\/wp\/v2\/media?parent=79"}],"curies":[{"name":"wp","href":"https:\/\/api.w.org\/{rel}","templated":true}]}}